{"id":1767,"date":"2023-02-07T10:21:32","date_gmt":"2023-02-07T11:21:32","guid":{"rendered":"https:\/\/www.mach573-574.cz\/?page_id=1767"},"modified":"2023-02-07T11:25:57","modified_gmt":"2023-02-07T12:25:57","slug":"kontaktni-formular","status":"publish","type":"page","link":"https:\/\/www.mach573-574.cz\/index.php\/kontaktni-formular\/","title":{"rendered":"Kontaktn\u00ed formul\u00e1\u0159"},"content":{"rendered":"<div style=\"margin-left: auto; margin-right: auto; width: 100%;\">\r\n<table>\r\n<tbody>\r\n<tr>\r\n<td style=\"vertical-align: top; border-right: 1px solid silver;\">Zde n\u00e1m m\u016f\u017eete napsat.<div class=\"wpforms-container wpforms-container-full wpforms-block\" id=\"wpforms-1764\"><form id=\"wpforms-form-1764\" class=\"wpforms-validate wpforms-form wpforms-ajax-form\" data-formid=\"1764\" method=\"post\" enctype=\"multipart\/form-data\" action=\"\/index.php\/wp-json\/wp\/v2\/pages\/1767\" data-token=\"71007fd0aab63b7e7da39835a3f2c8d0\" data-token-time=\"1777633849\"><noscript class=\"wpforms-error-noscript\">Chcete-li vyplnit tento formul\u00e1\u0159, pros\u00edm povolte v prohl\u00ed\u017ee\u010di JavaScript.<\/noscript><div class=\"wpforms-field-container\"><div id=\"wpforms-1764-field_0-container\" class=\"wpforms-field wpforms-field-name\" data-field-id=\"0\"><label class=\"wpforms-field-label\">Jm\u00e9no <span class=\"wpforms-required-label\">*<\/span><\/label><div class=\"wpforms-field-row wpforms-field-medium\"><div class=\"wpforms-field-row-block wpforms-first wpforms-one-half\"><input type=\"text\" id=\"wpforms-1764-field_0\" class=\"wpforms-field-name-first wpforms-field-required\" name=\"wpforms[fields][0][first]\" required><label for=\"wpforms-1764-field_0\" class=\"wpforms-field-sublabel after\">K\u0159estn\u00ed jm\u00e9no<\/label><\/div><div class=\"wpforms-field-row-block wpforms-one-half\"><input type=\"text\" id=\"wpforms-1764-field_0-last\" class=\"wpforms-field-name-last wpforms-field-required\" name=\"wpforms[fields][0][last]\" required><label for=\"wpforms-1764-field_0-last\" class=\"wpforms-field-sublabel after\">P\u0159\u00edjmen\u00ed<\/label><\/div><\/div><\/div><div id=\"wpforms-1764-field_1-container\" class=\"wpforms-field wpforms-field-email\" data-field-id=\"1\"><label class=\"wpforms-field-label\" for=\"wpforms-1764-field_1\">E-mail <span class=\"wpforms-required-label\">*<\/span><\/label><input type=\"email\" id=\"wpforms-1764-field_1\" class=\"wpforms-field-medium wpforms-field-required\" name=\"wpforms[fields][1]\" spellcheck=\"false\" required><\/div><div id=\"wpforms-1764-field_2-container\" class=\"wpforms-field wpforms-field-textarea\" data-field-id=\"2\"><label class=\"wpforms-field-label\" for=\"wpforms-1764-field_2\">Zde napi\u0161te svoj\u00ed zpr\u00e1vu<\/label><textarea id=\"wpforms-1764-field_2\" class=\"wpforms-field-medium\" name=\"wpforms[fields][2]\" ><\/textarea><\/div><\/div><!-- .wpforms-field-container --><div class=\"wpforms-recaptcha-container wpforms-is-recaptcha wpforms-is-recaptcha-type-v2\" ><div class=\"g-recaptcha\" data-sitekey=\"6Lfy_10kAAAAABU28r3VQrWoH7PajOApgLmVyLas\"><\/div><input type=\"text\" name=\"g-recaptcha-hidden\" class=\"wpforms-recaptcha-hidden\" style=\"position:absolute!important;clip:rect(0,0,0,0)!important;height:1px!important;width:1px!important;border:0!important;overflow:hidden!important;padding:0!important;margin:0!important;\" data-rule-recaptcha=\"1\"><\/div><div class=\"wpforms-submit-container\" ><input type=\"hidden\" name=\"wpforms[id]\" value=\"1764\"><input type=\"hidden\" name=\"page_title\" value=\"\"><input type=\"hidden\" name=\"page_url\" value=\"https:\/\/www.mach573-574.cz\/index.php\/wp-json\/wp\/v2\/pages\/1767\"><input type=\"hidden\" name=\"url_referer\" value=\"\"><button type=\"submit\" name=\"wpforms[submit]\" id=\"wpforms-submit-1764\" class=\"wpforms-submit\" data-alt-text=\"Odes\u00edl\u00e1ni...\" data-submit-text=\"Odeslat\" aria-live=\"assertive\" value=\"wpforms-submit\">Odeslat<\/button><img loading=\"lazy\" decoding=\"async\" src=\"https:\/\/www.mach573-574.cz\/wp-content\/plugins\/wpforms-lite\/assets\/images\/submit-spin.svg\" class=\"wpforms-submit-spinner\" style=\"display: none;\" width=\"26\" height=\"26\" alt=\"Na\u010d\u00edt\u00e1n\u00ed\"><\/div><\/form><\/div>  <!-- .wpforms-container --><\/td>\r\n<td>\r\n<table>\r\n<tbody>\r\n<tr>\r\n<td style=\"height: 35px;\" colspan=\"2\">\r\n<h6>Spole\u010denstv\u00ed vlastn\u00edk\u016f jednotek pro d\u016fm Machuldova \u010d.p. 573 a \u010d.p. 574, Praha 4<\/h6>\r\n<\/td>\r\n<\/tr>\r\n<tr>\r\n<td>Datum z\u00e1pisu<\/td>\r\n<td>2. 11. 2016<\/td>\r\n<\/tr>\r\n<tr>\r\n<td>S\u00eddlo<\/td>\r\n<td>Praha &#8211; Kam\u00fdk, Machuldova 574\/11, PS\u010c 142 00<\/td>\r\n<\/tr>\r\n<tr>\r\n<td>I\u010cO<\/td>\r\n<td>05507774<\/td>\r\n<\/tr>\r\n<tr>\r\n<td>Pr\u00e1vn\u00ed forma<\/td>\r\n<td>Spole\u010denstv\u00ed vlastn\u00edk\u016f jednotek<\/td>\r\n<\/tr>\r\n<tr>\r\n<td>Spisov\u00e1 zna\u010dka<\/td>\r\n<td>17647 S, M\u011bstsk\u00fd soud v Praze<\/td>\r\n<\/tr>\r\n<tr>\r\n<td style=\"height: 25px;\">&nbsp;<\/td>\r\n<td>&nbsp;<\/td>\r\n<\/tr>\r\n<tr>\r\n<td>p\u0159edseda v\u00fdboru<\/td>\r\n<td>V\u00e1clav KOROLUS<\/td>\r\n<\/tr>\r\n<tr>\r\n<td>m\u00edstop\u0159edseda v\u00fdboru<\/td>\r\n<td>Josef VIL\u010cKO<\/td>\r\n<\/tr>\r\n<tr>\r\n<td>\u010dlen v\u00fdboru<\/td>\r\n<td>Jan TICH\u00dd<\/td>\r\n<\/tr>\r\n<tr>\r\n<td style=\"height: 35px;\">Spr\u00e1vce webov\u00fdch str\u00e1nek<\/td>\r\n<td>Milan Nehasil &#8211; <a href=\"mailto:421nehasil@mach573-574.cz\">421nehasil@mach573-574.cz<\/a><\/td>\r\n<\/tr>\r\n<tr>\r\n<td>\r\n<h6>Spr\u00e1va domu<\/h6>\r\n<\/td>\r\n<td>&nbsp;<\/td>\r\n<\/tr>\r\n<tr>\r\n<td>NEW PALACE, spol. s r.o.<\/td>\r\n<td>&nbsp;<\/td>\r\n<\/tr>\r\n<tr>\r\n<td>Chlumeck\u00e1 1539<\/td>\r\n<td>&nbsp;<\/td>\r\n<\/tr>\r\n<tr>\r\n<td>198 00 Praha 9 &#8211; Kyje<\/td>\r\n<td>&nbsp;<\/td>\r\n<\/tr>\r\n<tr>\r\n<td>tel.: 281 916 294<\/td>\r\n<td>&nbsp;<\/td>\r\n<\/tr>\r\n<tr>\r\n<td>mobil: 603 271 020<\/td>\r\n<td>&nbsp;<\/td>\r\n<\/tr>\r\n<tr>\r\n<td><a href=\"mailto:info@newpalace.cz\">info@newpalace.cz<\/a><\/td>\r\n<td>&nbsp;<\/td>\r\n<\/tr>\r\n<tr>\r\n<td>I\u010c: 49623591<\/td>\r\n<td>&nbsp;<\/td>\r\n<\/tr>\r\n<tr>\r\n<td>DI\u010c: CZ49623591<\/td>\r\n<td>&nbsp;<\/td>\r\n<\/tr>\r\n<tr>\r\n<td><a href=\"http:\/\/www.newpalace.cz\/\" target=\"_blank\" rel=\"noopener noreferrer\">www.newpalace.cz<\/a><\/td>\r\n<td>&nbsp;<\/td>\r\n<\/tr>\r\n<\/tbody>\r\n<\/table>\r\n<\/td>\r\n<\/tr>\r\n<\/tbody>\r\n<\/table>\r\n<\/div>","protected":false},"excerpt":{"rendered":"<p>Zde n\u00e1m m\u016f\u017eete napsat. Spole\u010denstv\u00ed vlastn\u00edk\u016f jednotek pro d\u016fm Machuldova \u010d.p. 573 a \u010d.p. 574, Praha 4 Datum z\u00e1pisu 2. 11. 2016 S\u00eddlo Praha &#8211; Kam\u00fdk, Machuldova 574\/11, PS\u010c 142 00 I\u010cO 05507774 Pr\u00e1vn\u00ed forma Spole\u010denstv\u00ed vlastn\u00edk\u016f jednotek Spisov\u00e1 zna\u010dka 17647 S, M\u011bstsk\u00fd soud v Praze &nbsp; &nbsp; p\u0159edseda v\u00fdboru<span class=\"more-link\"><a href=\"https:\/\/www.mach573-574.cz\/index.php\/kontaktni-formular\/\">Pokra\u010dovat ve \u010dten\u00ed<\/a><\/span><\/p>\n","protected":false},"author":5,"featured_media":0,"parent":0,"menu_order":0,"comment_status":"closed","ping_status":"closed","template":"","meta":{"ngg_post_thumbnail":0,"footnotes":""},"class_list":["entry","author-nehasil","post-1767","page","type-page","status-publish"],"publishpress_future_action":{"enabled":false,"date":"2026-05-08 10:10:49","action":"change-status","newStatus":"draft","terms":[],"taxonomy":"","extraData":[]},"publishpress_future_workflow_manual_trigger":{"enabledWorkflows":[]},"_links":{"self":[{"href":"https:\/\/www.mach573-574.cz\/index.php\/wp-json\/wp\/v2\/pages\/1767","targetHints":{"allow":["GET"]}}],"collection":[{"href":"https:\/\/www.mach573-574.cz\/index.php\/wp-json\/wp\/v2\/pages"}],"about":[{"href":"https:\/\/www.mach573-574.cz\/index.php\/wp-json\/wp\/v2\/types\/page"}],"author":[{"embeddable":true,"href":"https:\/\/www.mach573-574.cz\/index.php\/wp-json\/wp\/v2\/users\/5"}],"replies":[{"embeddable":true,"href":"https:\/\/www.mach573-574.cz\/index.php\/wp-json\/wp\/v2\/comments?post=1767"}],"version-history":[{"count":7,"href":"https:\/\/www.mach573-574.cz\/index.php\/wp-json\/wp\/v2\/pages\/1767\/revisions"}],"predecessor-version":[{"id":1780,"href":"https:\/\/www.mach573-574.cz\/index.php\/wp-json\/wp\/v2\/pages\/1767\/revisions\/1780"}],"wp:attachment":[{"href":"https:\/\/www.mach573-574.cz\/index.php\/wp-json\/wp\/v2\/media?parent=1767"}],"curies":[{"name":"wp","href":"https:\/\/api.w.org\/{rel}","templated":true}]}}