{"id":21,"date":"2018-06-27T09:04:28","date_gmt":"2018-06-27T09:04:28","guid":{"rendered":"https:\/\/www.mach573-574.cz\/?page_id=21"},"modified":"2022-07-14T06:28:38","modified_gmt":"2022-07-14T07:28:38","slug":"napoveda","status":"publish","type":"page","link":"https:\/\/www.mach573-574.cz\/index.php\/napoveda\/","title":{"rendered":"N\u00e1pov\u011bda"},"content":{"rendered":"<p><a href=\"http:\/\/www.mach573-574.cz\/wp-content\/uploads\/2022\/01\/Presmerovani-posty.pdf\">Jak si p\u0159esm\u011brovat schr\u00e1nku dru\u017estva na svou soukromou e-mailovou adresu.<\/a><\/p>\n<p><a href=\"https:\/\/www.mach573-574.cz\/svj\/Zm\u011bna hesla e-mailov\u00e9 schr\u00e1nky.pdf\">Jak si zm\u011bnit heslo u e-mailov\u00e9 schr\u00e1nky.<\/a><\/p>\n<p>Pro vstup na str\u00e1nky dokument\u016f a ode\u010dt\u016f vodom\u011br\u016f a ITV se p\u0159ihla\u0161ujete heslem. Heslo sta\u010d\u00ed zadat pouze jednou bu\u010f na str\u00e1nce Dokumenty nebo na str\u00e1nce Ode\u010dty. Heslo si m\u016f\u017eete tak\u00e9 kdykoliv zm\u011bnit. To ukl\u00e1d\u00e1 se do datab\u00e1ze za\u0161ifrovan\u00e9 a nikdo, ani spr\u00e1vce str\u00e1nek, nem\u00e1 mo\u017enost heslo odhalit. Pokud heslo zapomenete bude v\u00e1m vygenerov\u00e1no heslo nov\u00e9 a doru\u010deno e-mailem.<br \/>\nHeslo pro vstup na str\u00e1nky je jin\u00e9 ne\u017e heslo k va\u0161\u00ed e-mailov\u00e9 schr\u00e1nce.<\/p>\n","protected":false},"excerpt":{"rendered":"<p>Jak si p\u0159esm\u011brovat schr\u00e1nku dru\u017estva na svou soukromou e-mailovou adresu. Jak si zm\u011bnit heslo u e-mailov\u00e9 schr\u00e1nky. Pro vstup na str\u00e1nky dokument\u016f a ode\u010dt\u016f vodom\u011br\u016f a ITV se p\u0159ihla\u0161ujete heslem. Heslo sta\u010d\u00ed zadat pouze jednou bu\u010f na str\u00e1nce Dokumenty nebo na str\u00e1nce Ode\u010dty. Heslo si m\u016f\u017eete tak\u00e9 kdykoliv zm\u011bnit. To<span class=\"more-link\"><a href=\"https:\/\/www.mach573-574.cz\/index.php\/napoveda\/\">Pokra\u010dovat ve \u010dten\u00ed<\/a><\/span><\/p>\n","protected":false},"author":5,"featured_media":401,"parent":0,"menu_order":0,"comment_status":"closed","ping_status":"closed","template":"","meta":{"ngg_post_thumbnail":0,"footnotes":""},"class_list":["entry","author-nehasil","post-21","page","type-page","status-publish","has-post-thumbnail"],"publishpress_future_action":{"enabled":false,"date":"2026-05-09 00:00:32","action":"change-status","newStatus":"draft","terms":[],"taxonomy":"","extraData":[]},"publishpress_future_workflow_manual_trigger":{"enabledWorkflows":[]},"_links":{"self":[{"href":"https:\/\/www.mach573-574.cz\/index.php\/wp-json\/wp\/v2\/pages\/21","targetHints":{"allow":["GET"]}}],"collection":[{"href":"https:\/\/www.mach573-574.cz\/index.php\/wp-json\/wp\/v2\/pages"}],"about":[{"href":"https:\/\/www.mach573-574.cz\/index.php\/wp-json\/wp\/v2\/types\/page"}],"author":[{"embeddable":true,"href":"https:\/\/www.mach573-574.cz\/index.php\/wp-json\/wp\/v2\/users\/5"}],"replies":[{"embeddable":true,"href":"https:\/\/www.mach573-574.cz\/index.php\/wp-json\/wp\/v2\/comments?post=21"}],"version-history":[{"count":13,"href":"https:\/\/www.mach573-574.cz\/index.php\/wp-json\/wp\/v2\/pages\/21\/revisions"}],"predecessor-version":[{"id":1627,"href":"https:\/\/www.mach573-574.cz\/index.php\/wp-json\/wp\/v2\/pages\/21\/revisions\/1627"}],"wp:featuredmedia":[{"embeddable":true,"href":"https:\/\/www.mach573-574.cz\/index.php\/wp-json\/wp\/v2\/media\/401"}],"wp:attachment":[{"href":"https:\/\/www.mach573-574.cz\/index.php\/wp-json\/wp\/v2\/media?parent=21"}],"curies":[{"name":"wp","href":"https:\/\/api.w.org\/{rel}","templated":true}]}}